{"id":1602,"date":"2021-02-17T08:58:49","date_gmt":"2021-02-17T08:58:49","guid":{"rendered":"http:\/\/braunvie.cyon.link\/?post_type=product&#038;p=1602"},"modified":"2024-05-16T14:14:50","modified_gmt":"2024-05-16T12:14:50","slug":"kuhhalfter","status":"publish","type":"product","link":"https:\/\/homepage.braunvieh.ch\/it\/prodotto\/kuhhalfter\/","title":{"rendered":"Kuhhalfter"},"content":{"rendered":"<p>extra sch\u00f6ne Ausf\u00fchrung mit rundgen\u00e4htem Leder, Farbe schwarz<\/p>\n","protected":false},"excerpt":{"rendered":"<p>extra sch\u00f6ne Ausf\u00fchrung mit rundgen\u00e4htem Leder, Farbe schwarz<\/p>\n","protected":false},"featured_media":1332,"comment_status":"open","ping_status":"closed","template":"","meta":{"_acf_changed":false},"product_brand":[],"product_cat":[37,36],"product_tag":[],"class_list":{"0":"post-1602","1":"product","2":"type-product","3":"status-publish","4":"has-post-thumbnail","6":"product_cat-fanartikel","7":"product_cat-fuer-den-betrieb","9":"first","10":"instock","11":"shipping-taxable","12":"purchasable","13":"product-type-simple"},"acf":[],"yoast_head":"<!-- This site is optimized with the Yoast SEO plugin v27.4 - https:\/\/yoast.com\/product\/yoast-seo-wordpress\/ -->\n<title>Kuhhalfter | Braunvieh<\/title>\n<meta name=\"robots\" content=\"index, follow, max-snippet:-1, max-image-preview:large, max-video-preview:-1\" \/>\n<link rel=\"canonical\" href=\"https:\/\/homepage.braunvieh.ch\/product\/kuhhalfter\/\" \/>\n<meta property=\"og:locale\" content=\"it_IT\" \/>\n<meta property=\"og:type\" content=\"article\" \/>\n<meta property=\"og:title\" content=\"Kuhhalfter | Braunvieh\" \/>\n<meta property=\"og:description\" content=\"extra sch\u00f6ne Ausf\u00fchrung mit rundgen\u00e4htem Leder, Farbe schwarz\" \/>\n<meta property=\"og:url\" content=\"https:\/\/homepage.braunvieh.ch\/product\/kuhhalfter\/\" \/>\n<meta property=\"og:site_name\" content=\"Braunvieh\" \/>\n<meta property=\"article:modified_time\" content=\"2024-05-16T12:14:50+00:00\" \/>\n<meta property=\"og:image\" content=\"https:\/\/homepage.braunvieh.ch\/wp-content\/uploads\/2021\/02\/Vorfuehrhalfter_Kuehe.jpeg\" \/>\n\t<meta property=\"og:image:width\" content=\"800\" \/>\n\t<meta property=\"og:image:height\" content=\"1200\" \/>\n\t<meta property=\"og:image:type\" content=\"image\/jpeg\" \/>\n<meta name=\"twitter:card\" content=\"summary_large_image\" \/>\n<meta name=\"twitter:label1\" content=\"Tempo di lettura stimato\" \/>\n\t<meta name=\"twitter:data1\" content=\"1 minuto\" \/>\n<script type=\"application\/ld+json\" class=\"yoast-schema-graph\">{\"@context\":\"https:\\\/\\\/schema.org\",\"@graph\":[{\"@type\":\"WebPage\",\"@id\":\"https:\\\/\\\/homepage.braunvieh.ch\\\/product\\\/kuhhalfter\\\/\",\"url\":\"https:\\\/\\\/homepage.braunvieh.ch\\\/product\\\/kuhhalfter\\\/\",\"name\":\"Kuhhalfter | Braunvieh\",\"isPartOf\":{\"@id\":\"https:\\\/\\\/homepage.braunvieh.ch\\\/en\\\/#website\"},\"primaryImageOfPage\":{\"@id\":\"https:\\\/\\\/homepage.braunvieh.ch\\\/product\\\/kuhhalfter\\\/#primaryimage\"},\"image\":{\"@id\":\"https:\\\/\\\/homepage.braunvieh.ch\\\/product\\\/kuhhalfter\\\/#primaryimage\"},\"thumbnailUrl\":\"https:\\\/\\\/homepage.braunvieh.ch\\\/wp-content\\\/uploads\\\/2021\\\/02\\\/Vorfuehrhalfter_Kuehe.jpeg\",\"datePublished\":\"2021-02-17T08:58:49+00:00\",\"dateModified\":\"2024-05-16T12:14:50+00:00\",\"breadcrumb\":{\"@id\":\"https:\\\/\\\/homepage.braunvieh.ch\\\/product\\\/kuhhalfter\\\/#breadcrumb\"},\"inLanguage\":\"it-IT\",\"potentialAction\":[{\"@type\":\"ReadAction\",\"target\":[\"https:\\\/\\\/homepage.braunvieh.ch\\\/product\\\/kuhhalfter\\\/\"]}]},{\"@type\":\"ImageObject\",\"inLanguage\":\"it-IT\",\"@id\":\"https:\\\/\\\/homepage.braunvieh.ch\\\/product\\\/kuhhalfter\\\/#primaryimage\",\"url\":\"https:\\\/\\\/homepage.braunvieh.ch\\\/wp-content\\\/uploads\\\/2021\\\/02\\\/Vorfuehrhalfter_Kuehe.jpeg\",\"contentUrl\":\"https:\\\/\\\/homepage.braunvieh.ch\\\/wp-content\\\/uploads\\\/2021\\\/02\\\/Vorfuehrhalfter_Kuehe.jpeg\",\"width\":800,\"height\":1200},{\"@type\":\"BreadcrumbList\",\"@id\":\"https:\\\/\\\/homepage.braunvieh.ch\\\/product\\\/kuhhalfter\\\/#breadcrumb\",\"itemListElement\":[{\"@type\":\"ListItem\",\"position\":1,\"name\":\"Home\",\"item\":\"https:\\\/\\\/homepage.braunvieh.ch\\\/it\\\/\"},{\"@type\":\"ListItem\",\"position\":2,\"name\":\"Negozio\",\"item\":\"https:\\\/\\\/homepage.braunvieh.ch\\\/it\\\/negozio\\\/\"},{\"@type\":\"ListItem\",\"position\":3,\"name\":\"Kuhhalfter\"}]},{\"@type\":\"WebSite\",\"@id\":\"https:\\\/\\\/homepage.braunvieh.ch\\\/en\\\/#website\",\"url\":\"https:\\\/\\\/homepage.braunvieh.ch\\\/en\\\/\",\"name\":\"Braunvieh\",\"description\":\"Alles \u00fcber Braunvieh und die Braunviehzucht. Sowie den Braunviehzuchtverband als modernes Dienstleistungsunternehmen.\",\"potentialAction\":[{\"@type\":\"SearchAction\",\"target\":{\"@type\":\"EntryPoint\",\"urlTemplate\":\"https:\\\/\\\/homepage.braunvieh.ch\\\/en\\\/?s={search_term_string}\"},\"query-input\":{\"@type\":\"PropertyValueSpecification\",\"valueRequired\":true,\"valueName\":\"search_term_string\"}}],\"inLanguage\":\"it-IT\"}]}<\/script>\n<!-- \/ Yoast SEO plugin. -->","yoast_head_json":{"title":"Kuhhalfter | Braunvieh","robots":{"index":"index","follow":"follow","max-snippet":"max-snippet:-1","max-image-preview":"max-image-preview:large","max-video-preview":"max-video-preview:-1"},"canonical":"https:\/\/homepage.braunvieh.ch\/product\/kuhhalfter\/","og_locale":"it_IT","og_type":"article","og_title":"Kuhhalfter | Braunvieh","og_description":"extra sch\u00f6ne Ausf\u00fchrung mit rundgen\u00e4htem Leder, Farbe schwarz","og_url":"https:\/\/homepage.braunvieh.ch\/product\/kuhhalfter\/","og_site_name":"Braunvieh","article_modified_time":"2024-05-16T12:14:50+00:00","og_image":[{"width":800,"height":1200,"url":"https:\/\/homepage.braunvieh.ch\/wp-content\/uploads\/2021\/02\/Vorfuehrhalfter_Kuehe.jpeg","type":"image\/jpeg"}],"twitter_card":"summary_large_image","twitter_misc":{"Tempo di lettura stimato":"1 minuto"},"schema":{"@context":"https:\/\/schema.org","@graph":[{"@type":"WebPage","@id":"https:\/\/homepage.braunvieh.ch\/product\/kuhhalfter\/","url":"https:\/\/homepage.braunvieh.ch\/product\/kuhhalfter\/","name":"Kuhhalfter | Braunvieh","isPartOf":{"@id":"https:\/\/homepage.braunvieh.ch\/en\/#website"},"primaryImageOfPage":{"@id":"https:\/\/homepage.braunvieh.ch\/product\/kuhhalfter\/#primaryimage"},"image":{"@id":"https:\/\/homepage.braunvieh.ch\/product\/kuhhalfter\/#primaryimage"},"thumbnailUrl":"https:\/\/homepage.braunvieh.ch\/wp-content\/uploads\/2021\/02\/Vorfuehrhalfter_Kuehe.jpeg","datePublished":"2021-02-17T08:58:49+00:00","dateModified":"2024-05-16T12:14:50+00:00","breadcrumb":{"@id":"https:\/\/homepage.braunvieh.ch\/product\/kuhhalfter\/#breadcrumb"},"inLanguage":"it-IT","potentialAction":[{"@type":"ReadAction","target":["https:\/\/homepage.braunvieh.ch\/product\/kuhhalfter\/"]}]},{"@type":"ImageObject","inLanguage":"it-IT","@id":"https:\/\/homepage.braunvieh.ch\/product\/kuhhalfter\/#primaryimage","url":"https:\/\/homepage.braunvieh.ch\/wp-content\/uploads\/2021\/02\/Vorfuehrhalfter_Kuehe.jpeg","contentUrl":"https:\/\/homepage.braunvieh.ch\/wp-content\/uploads\/2021\/02\/Vorfuehrhalfter_Kuehe.jpeg","width":800,"height":1200},{"@type":"BreadcrumbList","@id":"https:\/\/homepage.braunvieh.ch\/product\/kuhhalfter\/#breadcrumb","itemListElement":[{"@type":"ListItem","position":1,"name":"Home","item":"https:\/\/homepage.braunvieh.ch\/it\/"},{"@type":"ListItem","position":2,"name":"Negozio","item":"https:\/\/homepage.braunvieh.ch\/it\/negozio\/"},{"@type":"ListItem","position":3,"name":"Kuhhalfter"}]},{"@type":"WebSite","@id":"https:\/\/homepage.braunvieh.ch\/en\/#website","url":"https:\/\/homepage.braunvieh.ch\/en\/","name":"Braunvieh","description":"Alles \u00fcber Braunvieh und die Braunviehzucht. Sowie den Braunviehzuchtverband als modernes Dienstleistungsunternehmen.","potentialAction":[{"@type":"SearchAction","target":{"@type":"EntryPoint","urlTemplate":"https:\/\/homepage.braunvieh.ch\/en\/?s={search_term_string}"},"query-input":{"@type":"PropertyValueSpecification","valueRequired":true,"valueName":"search_term_string"}}],"inLanguage":"it-IT"}]}},"publishpress_future_workflow_manual_trigger":{"enabledWorkflows":[]},"_links":{"self":[{"href":"https:\/\/homepage.braunvieh.ch\/it\/wp-json\/wp\/v2\/product\/1602","targetHints":{"allow":["GET"]}}],"collection":[{"href":"https:\/\/homepage.braunvieh.ch\/it\/wp-json\/wp\/v2\/product"}],"about":[{"href":"https:\/\/homepage.braunvieh.ch\/it\/wp-json\/wp\/v2\/types\/product"}],"replies":[{"embeddable":true,"href":"https:\/\/homepage.braunvieh.ch\/it\/wp-json\/wp\/v2\/comments?post=1602"}],"wp:featuredmedia":[{"embeddable":true,"href":"https:\/\/homepage.braunvieh.ch\/it\/wp-json\/wp\/v2\/media\/1332"}],"wp:attachment":[{"href":"https:\/\/homepage.braunvieh.ch\/it\/wp-json\/wp\/v2\/media?parent=1602"}],"wp:term":[{"taxonomy":"product_brand","embeddable":true,"href":"https:\/\/homepage.braunvieh.ch\/it\/wp-json\/wp\/v2\/product_brand?post=1602"},{"taxonomy":"product_cat","embeddable":true,"href":"https:\/\/homepage.braunvieh.ch\/it\/wp-json\/wp\/v2\/product_cat?post=1602"},{"taxonomy":"product_tag","embeddable":true,"href":"https:\/\/homepage.braunvieh.ch\/it\/wp-json\/wp\/v2\/product_tag?post=1602"}],"curies":[{"name":"wp","href":"https:\/\/api.w.org\/{rel}","templated":true}]}}