{"id":5815,"date":"2021-02-15T10:58:07","date_gmt":"2021-02-15T10:58:07","guid":{"rendered":"http:\/\/braunvie.cyon.link\/impressum\/"},"modified":"2025-12-10T21:21:26","modified_gmt":"2025-12-10T19:21:26","slug":"impressum","status":"publish","type":"page","link":"https:\/\/homepage.braunvieh.ch\/it\/impressum\/","title":{"rendered":"Note legali"},"content":{"rendered":"<p><strong>Indirizzo<\/strong><\/p>\n<p>Braunvieh Schweiz<br \/>\nChamerstrasse 56<br \/>\n6300 Zugo<br \/>\nSvizzera<br \/>\nE-mail: info@braunvieh.ch<\/p>\n<p>&nbsp;<\/p>\n<p><strong>Iscrizione nel registro di commercio<\/strong><br \/>\nDenominazione sociale registrata: Braunvieh Schweiz<br \/>\nNumero di registro di commercio: CHE-106.909.719<br \/>\n<strong>Partita IVA<\/strong><\/p>\n<p>CHE-106.909.719<\/p>\n<p>&nbsp;<\/p>\n<p><strong>Esclusione di responsabilit\u00e0<\/strong><\/p>\n<p>L&#8217;autore non si assume alcuna responsabilit\u00e0 per la correttezza, l&#8217;accuratezza, l&#8217;attualit\u00e0, l&#8217;affidabilit\u00e0 e la completezza delle informazioni.<\/p>\n<p>&nbsp;<\/p>\n<p>Sono escluse rivendicazioni di responsabilit\u00e0 nei confronti dell&#8217;autore per danni materiali o immateriali derivanti dall&#8217;accesso o dall&#8217;utilizzo o dal mancato utilizzo delle informazioni pubblicate, dall&#8217;uso improprio del collegamento o da guasti tecnici.<\/p>\n<p>&nbsp;<\/p>\n<p>Tutte le offerte sono senza impegno. L&#8217;autore si riserva espressamente il diritto di modificare, integrare o cancellare parti delle pagine o l&#8217;intera offerta senza preavviso particolare, nonch\u00e9 di sospenderne temporaneamente o definitivamente la pubblicazione.<\/p>\n<p>&nbsp;<\/p>\n<p>&nbsp;<\/p>\n<p><strong>Esclusione di responsabilit\u00e0 per i link<\/strong><\/p>\n<p>I riferimenti e i link a siti web di terzi esulano dalla nostra responsabilit\u00e0. Si declina ogni responsabilit\u00e0 per tali siti web. L&#8217;accesso e l&#8217;utilizzo di tali siti web avvengono a rischio e pericolo dell&#8217;utente.<\/p>\n<p>&nbsp;<\/p>\n<p>&nbsp;<\/p>\n<p><strong>Diritti d&#8217;autore<\/strong><\/p>\n<p>I diritti d&#8217;autore e tutti gli altri diritti relativi a contenuti, immagini, foto o altri file presenti su questo sito web appartengono esclusivamente <strong>alla persona giuridica Braunvieh Schweiz<\/strong> o ai titolari dei diritti specificatamente indicati. Per la riproduzione di qualsiasi elemento \u00e8 necessario ottenere preventivamente il consenso scritto del titolare dei diritti d&#8217;autore.<\/p>\n","protected":false},"excerpt":{"rendered":"<p>Indirizzo Braunvieh Schweiz Chamerstrasse 56 6300 Zugo Svizzera E-mail: info@braunvieh.ch &nbsp; Iscrizione nel registro di commercio Denominazione sociale registrata: Braunvieh Schweiz Numero di registro di commercio: CHE-106.909.719 Partita IVA CHE-106.909.719 [&hellip;]<\/p>\n","protected":false},"author":1,"featured_media":0,"parent":0,"menu_order":0,"comment_status":"closed","ping_status":"closed","template":"","meta":{"_acf_changed":false,"footnotes":""},"class_list":["post-5815","page","type-page","status-publish","hentry"],"acf":[],"yoast_head":"<!-- This site is optimized with the Yoast SEO plugin v27.1.1 - https:\/\/yoast.com\/product\/yoast-seo-wordpress\/ -->\n<title>Note legali | Braunvieh<\/title>\n<meta name=\"robots\" content=\"index, follow, max-snippet:-1, max-image-preview:large, max-video-preview:-1\" \/>\n<link rel=\"canonical\" href=\"https:\/\/homepage.braunvieh.ch\/it\/impressum\/\" \/>\n<meta property=\"og:locale\" content=\"it_IT\" \/>\n<meta property=\"og:type\" content=\"article\" \/>\n<meta property=\"og:title\" content=\"Note legali | Braunvieh\" \/>\n<meta property=\"og:description\" content=\"Indirizzo Braunvieh Schweiz Chamerstrasse 56 6300 Zugo Svizzera E-mail: info@braunvieh.ch &nbsp; Iscrizione nel registro di commercio Denominazione sociale registrata: Braunvieh Schweiz Numero di registro di commercio: CHE-106.909.719 Partita IVA CHE-106.909.719 [&hellip;]\" \/>\n<meta property=\"og:url\" content=\"https:\/\/homepage.braunvieh.ch\/it\/impressum\/\" \/>\n<meta property=\"og:site_name\" content=\"Braunvieh\" \/>\n<meta property=\"article:modified_time\" content=\"2025-12-10T19:21:26+00:00\" \/>\n<meta name=\"twitter:card\" content=\"summary_large_image\" \/>\n<meta name=\"twitter:label1\" content=\"Tempo di lettura stimato\" \/>\n\t<meta name=\"twitter:data1\" content=\"1 minuto\" \/>\n<script type=\"application\/ld+json\" class=\"yoast-schema-graph\">{\"@context\":\"https:\/\/schema.org\",\"@graph\":[{\"@type\":\"WebPage\",\"@id\":\"https:\/\/homepage.braunvieh.ch\/it\/impressum\/\",\"url\":\"https:\/\/homepage.braunvieh.ch\/it\/impressum\/\",\"name\":\"Note legali | Braunvieh\",\"isPartOf\":{\"@id\":\"https:\/\/homepage.braunvieh.ch\/en\/#website\"},\"datePublished\":\"2021-02-15T10:58:07+00:00\",\"dateModified\":\"2025-12-10T19:21:26+00:00\",\"breadcrumb\":{\"@id\":\"https:\/\/homepage.braunvieh.ch\/it\/impressum\/#breadcrumb\"},\"inLanguage\":\"it-IT\",\"potentialAction\":[{\"@type\":\"ReadAction\",\"target\":[\"https:\/\/homepage.braunvieh.ch\/it\/impressum\/\"]}]},{\"@type\":\"BreadcrumbList\",\"@id\":\"https:\/\/homepage.braunvieh.ch\/it\/impressum\/#breadcrumb\",\"itemListElement\":[{\"@type\":\"ListItem\",\"position\":1,\"name\":\"Home\",\"item\":\"https:\/\/homepage.braunvieh.ch\/it\/\"},{\"@type\":\"ListItem\",\"position\":2,\"name\":\"Note legali\"}]},{\"@type\":\"WebSite\",\"@id\":\"https:\/\/homepage.braunvieh.ch\/en\/#website\",\"url\":\"https:\/\/homepage.braunvieh.ch\/en\/\",\"name\":\"Braunvieh\",\"description\":\"Alles \u00fcber Braunvieh und die Braunviehzucht. Sowie den Braunviehzuchtverband als modernes Dienstleistungsunternehmen.\",\"potentialAction\":[{\"@type\":\"SearchAction\",\"target\":{\"@type\":\"EntryPoint\",\"urlTemplate\":\"https:\/\/homepage.braunvieh.ch\/en\/?s={search_term_string}\"},\"query-input\":{\"@type\":\"PropertyValueSpecification\",\"valueRequired\":true,\"valueName\":\"search_term_string\"}}],\"inLanguage\":\"it-IT\"}]}<\/script>\n<!-- \/ Yoast SEO plugin. -->","yoast_head_json":{"title":"Note legali | Braunvieh","robots":{"index":"index","follow":"follow","max-snippet":"max-snippet:-1","max-image-preview":"max-image-preview:large","max-video-preview":"max-video-preview:-1"},"canonical":"https:\/\/homepage.braunvieh.ch\/it\/impressum\/","og_locale":"it_IT","og_type":"article","og_title":"Note legali | Braunvieh","og_description":"Indirizzo Braunvieh Schweiz Chamerstrasse 56 6300 Zugo Svizzera E-mail: info@braunvieh.ch &nbsp; Iscrizione nel registro di commercio Denominazione sociale registrata: Braunvieh Schweiz Numero di registro di commercio: CHE-106.909.719 Partita IVA CHE-106.909.719 [&hellip;]","og_url":"https:\/\/homepage.braunvieh.ch\/it\/impressum\/","og_site_name":"Braunvieh","article_modified_time":"2025-12-10T19:21:26+00:00","twitter_card":"summary_large_image","twitter_misc":{"Tempo di lettura stimato":"1 minuto"},"schema":{"@context":"https:\/\/schema.org","@graph":[{"@type":"WebPage","@id":"https:\/\/homepage.braunvieh.ch\/it\/impressum\/","url":"https:\/\/homepage.braunvieh.ch\/it\/impressum\/","name":"Note legali | Braunvieh","isPartOf":{"@id":"https:\/\/homepage.braunvieh.ch\/en\/#website"},"datePublished":"2021-02-15T10:58:07+00:00","dateModified":"2025-12-10T19:21:26+00:00","breadcrumb":{"@id":"https:\/\/homepage.braunvieh.ch\/it\/impressum\/#breadcrumb"},"inLanguage":"it-IT","potentialAction":[{"@type":"ReadAction","target":["https:\/\/homepage.braunvieh.ch\/it\/impressum\/"]}]},{"@type":"BreadcrumbList","@id":"https:\/\/homepage.braunvieh.ch\/it\/impressum\/#breadcrumb","itemListElement":[{"@type":"ListItem","position":1,"name":"Home","item":"https:\/\/homepage.braunvieh.ch\/it\/"},{"@type":"ListItem","position":2,"name":"Note legali"}]},{"@type":"WebSite","@id":"https:\/\/homepage.braunvieh.ch\/en\/#website","url":"https:\/\/homepage.braunvieh.ch\/en\/","name":"Braunvieh","description":"Alles \u00fcber Braunvieh und die Braunviehzucht. Sowie den Braunviehzuchtverband als modernes Dienstleistungsunternehmen.","potentialAction":[{"@type":"SearchAction","target":{"@type":"EntryPoint","urlTemplate":"https:\/\/homepage.braunvieh.ch\/en\/?s={search_term_string}"},"query-input":{"@type":"PropertyValueSpecification","valueRequired":true,"valueName":"search_term_string"}}],"inLanguage":"it-IT"}]}},"publishpress_future_workflow_manual_trigger":{"enabledWorkflows":[]},"_links":{"self":[{"href":"https:\/\/homepage.braunvieh.ch\/it\/wp-json\/wp\/v2\/pages\/5815","targetHints":{"allow":["GET"]}}],"collection":[{"href":"https:\/\/homepage.braunvieh.ch\/it\/wp-json\/wp\/v2\/pages"}],"about":[{"href":"https:\/\/homepage.braunvieh.ch\/it\/wp-json\/wp\/v2\/types\/page"}],"author":[{"embeddable":true,"href":"https:\/\/homepage.braunvieh.ch\/it\/wp-json\/wp\/v2\/users\/1"}],"replies":[{"embeddable":true,"href":"https:\/\/homepage.braunvieh.ch\/it\/wp-json\/wp\/v2\/comments?post=5815"}],"version-history":[{"count":4,"href":"https:\/\/homepage.braunvieh.ch\/it\/wp-json\/wp\/v2\/pages\/5815\/revisions"}],"predecessor-version":[{"id":30803,"href":"https:\/\/homepage.braunvieh.ch\/it\/wp-json\/wp\/v2\/pages\/5815\/revisions\/30803"}],"wp:attachment":[{"href":"https:\/\/homepage.braunvieh.ch\/it\/wp-json\/wp\/v2\/media?parent=5815"}],"curies":[{"name":"wp","href":"https:\/\/api.w.org\/{rel}","templated":true}]}}